{"id":43,"date":"2021-09-02T20:41:41","date_gmt":"2021-09-02T20:41:41","guid":{"rendered":"https:\/\/huk.lu\/?page_id=43"},"modified":"2026-02-23T06:03:30","modified_gmt":"2026-02-23T06:03:30","slug":"info","status":"publish","type":"page","link":"https:\/\/huk.lu\/index.php\/info\/","title":{"rendered":"Info"},"content":{"rendered":"<h5 style=\"text-align: center;\"><strong>Folgende Spenden k\u00f6nnen sie dort abliefern:<\/strong><\/h5>\n<h5 style=\"text-align: center;\">Alles an Kleidern und Zubeh\u00f6r f\u00fcr Babys (Pampers, Kinderwagen, Kinderbetten\u2026.) Kleider und Schuhe f\u00fcr Kinder, Jugendliche, und Erwachsene, Taschen und Koffer, kleine Spielsachen, Pl\u00fcschtiere, Handt\u00fccher, Decken, Schulartikel, Kinderfahrr\u00e4der, Dreir\u00e4der, Verbandsmaterial, Brillen, kleine elektrische Ger\u00e4te u.sw.<\/h5>\n<h5 style=\"text-align: center;\">Alles muss sauber, komplett und in einem guten Zustand sein!<\/h5>\n<h5 style=\"text-align: center;\">F\u00fcr weitere Details k\u00f6nnen sie uns gerne kontaktieren.<\/h5>\n<h5 style=\"text-align: center;\">\u00a0Nicht angenommen werden:<\/h5>\n<h5 style=\"text-align: center;\">Sperrige Gegenst\u00e4nde aller Art, DVD\u2019s, B\u00fccher, Gesellschaftsspiele, grosse elektrische Ger\u00e4te, Gegenst\u00e4nde aus Glas und Porzellan.<\/h5>\n<h5 style=\"text-align: center;\">Wenn sie sich an den Transportkosten (kann bis zu 3000\u20ac pro LKW betragen) beteiligen wollen, k\u00f6nnen sie dies gerne vor Ort tun, oder durch \u00dcberweisung auf eines unserer Konten.<\/h5>\n<h5 style=\"text-align: center;\"><strong>Wir bedanken uns herzlichst f\u00fcr ihre Hilfe, ob materiell oder finanziell.<\/strong><\/h5>\n<h5 style=\"text-align: center;\">Im Jahre 2025 haben 5 LKW\u2019s voller Spenden unser Lager in Richtung Ukraine verlassen<\/h5>\n<h5 style=\"text-align: center;\"><strong>Vous avez la possibilit\u00e9 de d\u00e9poser les articles suivants:<\/strong><\/h5>\n<h5 style=\"text-align: center;\">Toutes sortes de v\u00eatements et accessoires pour b\u00e9b\u00e9s, enfants, adolescents et adultes, souliers, sacs \u00e0 main, petits jouets, peluches, serviettes de bain, couvertures, valises, pansements, Pampers ( couches pour enfants et adultes) , lunettes, poussettes, lits d\u2019enfants, m\u00e9dicaments, petits appareils \u00e9lectriques etc\u2026..<\/h5>\n<h5 style=\"text-align: center;\">Tout doit \u00eatre propre, complet et en bon \u00e9tat!<\/h5>\n<h5 style=\"text-align: center;\">N\u2019h\u00e9sitez pas \u00e0 nous contacter pour tous renseignements suppl\u00e9mentaires.<\/h5>\n<h5 style=\"text-align: center;\">On ne prend pas les articles suivants:<\/h5>\n<h5 style=\"text-align: center;\">Verres, porcelaine, livres, cassettes VHS, CD, DVD, aliments, gros appareils \u00e9lectriques, jeux de soci\u00e9t\u00e9, etc \u2026.<\/h5>\n<h5 style=\"text-align: center;\">Si vous voulez participer au frais de transport (jusqu\u2019\u00e0 3000\u20ac par camion), vous pouvez faire un don sur place, ou par virement sur un de nos comptes.<\/h5>\n<h5 style=\"text-align: center;\"><strong>Nous vous remercions vivement pour votre aide, mat\u00e9rielle ou financi\u00e8re.<\/strong><\/h5>\n<h5 style=\"text-align: center;\">Durant l&#8217;ann\u00e9e 2025, 5 camions remplis de dons ont quitt\u00e9 notre entrep\u00f4t en direction de l\u2019Ukraine.<\/h5>\n<p><img decoding=\"async\" title=\"\" src=\"https:\/\/huk.lu\/wp-content\/uploads\/2021\/09\/2014_-9.jpg\" alt=\"\" \/><\/p>\n\n\n<p><\/p>\n","protected":false},"excerpt":{"rendered":"<p>Folgende Spenden k\u00f6nnen sie dort abliefern: Alles an Kleidern und Zubeh\u00f6r f\u00fcr Babys (Pampers, Kinderwagen, Kinderbetten\u2026.) Kleider und Schuhe f\u00fcr Kinder, Jugendliche, und Erwachsene, Taschen und Koffer, kleine Spielsachen, Pl\u00fcschtiere, Handt\u00fccher, Decken, Schulartikel, Kinderfahrr\u00e4der, Dreir\u00e4der, Verbandsmaterial, Brillen, kleine elektrische Ger\u00e4te &hellip; <a href=\"https:\/\/huk.lu\/index.php\/info\/\">Weiterlesen <span class=\"meta-nav\">&rarr;<\/span><\/a><\/p>\n","protected":false},"author":1,"featured_media":0,"parent":0,"menu_order":0,"comment_status":"closed","ping_status":"closed","template":"","meta":{"footnotes":""},"class_list":["post-43","page","type-page","status-publish","hentry"],"_links":{"self":[{"href":"https:\/\/huk.lu\/index.php\/wp-json\/wp\/v2\/pages\/43","targetHints":{"allow":["GET"]}}],"collection":[{"href":"https:\/\/huk.lu\/index.php\/wp-json\/wp\/v2\/pages"}],"about":[{"href":"https:\/\/huk.lu\/index.php\/wp-json\/wp\/v2\/types\/page"}],"author":[{"embeddable":true,"href":"https:\/\/huk.lu\/index.php\/wp-json\/wp\/v2\/users\/1"}],"replies":[{"embeddable":true,"href":"https:\/\/huk.lu\/index.php\/wp-json\/wp\/v2\/comments?post=43"}],"version-history":[{"count":83,"href":"https:\/\/huk.lu\/index.php\/wp-json\/wp\/v2\/pages\/43\/revisions"}],"predecessor-version":[{"id":3364,"href":"https:\/\/huk.lu\/index.php\/wp-json\/wp\/v2\/pages\/43\/revisions\/3364"}],"wp:attachment":[{"href":"https:\/\/huk.lu\/index.php\/wp-json\/wp\/v2\/media?parent=43"}],"curies":[{"name":"wp","href":"https:\/\/api.w.org\/{rel}","templated":true}]}}